{"id":18524,"date":"2019-07-11T11:43:53","date_gmt":"2019-07-11T09:43:53","guid":{"rendered":"http:\/\/www.tourdepologne.pl\/?page_id=18524"},"modified":"2025-07-25T18:14:14","modified_gmt":"2025-07-25T16:14:14","slug":"stage-1","status":"publish","type":"page","link":"https:\/\/www.tourdepologne.pl\/en\/stage-1\/","title":{"rendered":"Stage 1"},"content":{"rendered":"<div class=\"wpb-content-wrapper\"><p>[vc_row][vc_column][vc_column_text css=&#8221;&#8221; el_class=&#8221;tytul-etap&#8221;]<\/p>\n<h1>04.08.2025 Stage 1 &#8211; Wroc\u0142aw &#8211; Legnica<\/h1>\n<p>[\/vc_column_text][\/vc_column][\/vc_row][vc_row][vc_column width=&#8221;1\/6&#8243;][vc_wp_custommenu nav_menu=&#8221;590&#8243;][\/vc_column][vc_column width=&#8221;5\/6&#8243; css=&#8221;.vc_custom_1562267834833{padding-top: 0px !important;padding-right: 0px !important;padding-bottom: 0px !important;padding-left: 0px !important;background-color: #f9f9f9 !important;}&#8221;][vc_row_inner][vc_column_inner width=&#8221;8\/12&#8243; css=&#8221;.vc_custom_1562276049702{padding-right: 0px !important;}&#8221;][mnky_retina_image img_url=&#8221;38164&#8243; align=&#8221;retina-image-center&#8221; el_class=&#8221;zdjecie-etap&#8221; width=&#8221;300px&#8221; height=&#8221;300px&#8221;][vc_column_text css=&#8221;&#8221; el_class=&#8221;opis-etapu&#8221;]Wroc\u0142aw is a city whose history has long intertwined with the story of Polish cycling. Once home to the renowned Dolmel club, it nurtured talents such as Ryszard Szurkowski, Henryk Charucki, Jan Faltyn, and Jan Brze\u017any. Today, the capital of Lower Silesia writes a new chapter in this history by once again hosting the start of the biggest race in this part of Europe \u2013 the Tour de Pologne UCI WorldTour.<\/p>\n<p>On the first day, the riders will cover nearly 200 kilometers, and the route will be mostly flat, with no major climbs. However, there will be chances to fight for points in the side classifications thanks to the LOTTO Sprint Primes in K\u0105ty Wroc\u0142awskie, \u015aroda \u015al\u0105ska, and Polkowice, as well as a PZU Mountain Prime in Prochowice.<\/p>\n<p>The stage will conclude in Legnica, where a sprint finish from a large group of riders seems the most likely outcome.[\/vc_column_text][\/vc_column_inner][vc_column_inner width=&#8221;4\/12&#8243;]<div id=\"ultimate-video-399169d0312ca3c96\" class=\"ult-video  ult-adjust-bottom-margin ultimate-video-399169d0312ca3c96 ultv-8599 \"><div class=\"ultv-video ultv-aspect-ratio-16_9 ultv-subscribe-responsive-none\" data-videotype=\"uv_iframe\">\n\t\t\t\t\t\t<div class=\"ultv-video__outer-wrap\" data-autoplay=\"0\" data-device=\"false\"  data-iconbg=\"#3A3A3A\" data-overcolor=\"\" data-defaultbg=\"#1f1f1e\" data-defaultplay=\"defaulticon\"><div class=\"ultv-video__play\" data-src=\"https:\/\/www.youtube-nocookie.com\/embed\/9B-fZrgCvEE?rel=0&#038;start&#038;end&#038;controls=1&#038;mute=0&#038;modestbranding=0&#038;autoplay=1\">\n\t\t\t\t\t\t\t\t<img decoding=\"async\" class=\"ultv-video__thumb\" src=\"https:\/\/i.ytimg.com\/vi\/9B-fZrgCvEE\/maxresdefault.jpg\"\/>\n\t\t\t\t\t\t\t\t<div class=\"ultv-video__play-icon  ultv-animation-none\" style=\"width:75px\"><svg height=\"100%\" version=\"1.1\" viewBox=\"0 0 68 48\" width=\"100%\"><path class=\"ultv-youtube-icon-bg\" d=\"m .66,37.62 c 0,0 .66,4.70 2.70,6.77 2.58,2.71 5.98,2.63 7.49,2.91 5.43,.52 23.10,.68 23.12,.68 .00,-1.3e-5 14.29,-0.02 23.81,-0.71 1.32,-0.15 4.22,-0.17 6.81,-2.89 2.03,-2.07 2.70,-6.77 2.70,-6.77 0,0 .67,-5.52 .67,-11.04 l 0,-5.17 c 0,-5.52 -0.67,-11.04 -0.67,-11.04 0,0 -0.66,-4.70 -2.70,-6.77 C 62.03,.86 59.13,.84 57.80,.69 48.28,0 34.00,0 34.00,0 33.97,0 19.69,0 10.18,.69 8.85,.84 5.95,.86 3.36,3.58 1.32,5.65 .66,10.35 .66,10.35 c 0,0 -0.55,4.50 -0.66,9.45 l 0,8.36 c .10,4.94 .66,9.45 .66,9.45 z\" fill=\"#1f1f1e\" ><\/path><path d=\"m 26.96,13.67 18.37,9.62 -18.37,9.55 -0.00,-19.17 z\" fill=\"#fff\"><\/path><path d=\"M 45.02,23.46 45.32,23.28 26.96,13.67 43.32,22.34 45.02,23.46 z\" fill=\"#ccc\"><\/path><\/svg><\/div> <\/div> <\/div><\/div><\/div>[vc_column_text css=&#8221;.vc_custom_1749831065432{padding-top: 15px !important;padding-right: 15px !important;padding-bottom: 15px !important;padding-left: 15px !important;}&#8221; el_class=&#8221;dystans&#8221;]<\/p>\n<table>\n<tbody>\n<tr>\n<td>DISTANCE:<\/td>\n<td>199,7 km<\/td>\n<\/tr>\n<tr>\n<td>START:<\/td>\n<td>Wroc\u0142aw<\/td>\n<\/tr>\n<tr>\n<td>FINISH:<\/td>\n<td>Legnica<\/td>\n<\/tr>\n<\/tbody>\n<\/table>\n<p>[\/vc_column_text][\/vc_column_inner][\/vc_row_inner][vc_wp_custommenu nav_menu=&#8221;583&#8243;][\/vc_column][\/vc_row][vc_row][vc_column width=&#8221;1\/6&#8243;][\/vc_column][vc_column width=&#8221;5\/6&#8243;][vc_empty_space height=&#8221;10px&#8221;][vc_raw_html css=&#8221;&#8221;]JTNDZGl2JTIwY2xhc3MlM0QlMjJsb2dvdHlweS1taWFzdCUyMiUzRSUwQSUzQ2ElMjB0YXJnZXQlM0QlMjJfYmxhbmslMjIlMjBocmVmJTNEJTIyaHR0cHMlM0ElMkYlMkZ3d3cud3JvY2xhdy5wbCUyRiUyMiUzRSUzQ2ltZyUyMHNyYyUzRCUyMmh0dHBzJTNBJTJGJTJGd3d3LnRvdXJkZXBvbG9nbmUucGwlMkZ3cC1jb250ZW50JTJGdXBsb2FkcyUyRjIwMjQlMkYwNyUyRndyb2NsYXcuanBnJTIyJTIwYWx0JTNEJTIyJTIyJTIwJTJGJTNFJTNDJTJGYSUzRSUwQSUzQ2ElMjB0YXJnZXQlM0QlMjJfYmxhbmslMjIlMjBocmVmJTNEJTIyaHR0cHMlM0ElMkYlMkZwb3J0YWwubGVnbmljYS5ldSUyRmFrdHVhbG5vc2NpJTIyJTNFJTNDaW1nJTIwc3JjJTNEJTIyaHR0cHMlM0ElMkYlMkZ3d3cudG91cmRlcG9sb2duZS5wbCUyRndwLWNvbnRlbnQlMkZ1cGxvYWRzJTJGMjAyNSUyRjA2JTJGbGVnbmljYS5qcGclMjIlMjBhbHQlM0QlMjIlMjIlMjAlMkYlM0UlM0MlMkZhJTNFJTBBJTNDYSUyMHRhcmdldCUzRCUyMl9ibGFuayUyMiUyMGhyZWYlM0QlMjJodHRwcyUzQSUyRiUyRmRvbG55c2xhc2sudHJhdmVsJTJGJTIyJTNFJTNDaW1nJTIwc3JjJTNEJTIyaHR0cHMlM0ElMkYlMkZ3d3cudG91cmRlcG9sb2duZS5wbCUyRndwLWNvbnRlbnQlMkZ1cGxvYWRzJTJGMjAyNSUyRjA2JTJGZG9sbnlzbGFzay5qcGclMjIlMjBhbHQlM0QlMjIlMjIlMjAlMkYlM0UlM0MlMkZhJTNFJTBBJTNDJTJGZGl2JTNF[\/vc_raw_html][\/vc_column][\/vc_row]<\/p>\n<\/div>","protected":false},"excerpt":{"rendered":"<p>[vc_row][vc_column][vc_column_text css=&#8221;&#8221; el_class=&#8221;tytul-etap&#8221;] 04.08.2025 Stage 1 &#8211; Wroc\u0142aw &#8211; Legnica [\/vc_column_text][\/vc_column][\/vc_row][vc_row][vc_column width=&#8221;1\/6&#8243;][vc_wp_custommenu nav_menu=&#8221;590&#8243;][\/vc_column][vc_column width=&#8221;5\/6&#8243; css=&#8221;.vc_custom_1562267834833{padding-top: 0px !important;padding-right: 0px !important;padding-bottom: 0px &hellip; <\/p>\n","protected":false},"author":1,"featured_media":0,"parent":0,"menu_order":23,"comment_status":"closed","ping_status":"closed","template":"","meta":{"_acf_changed":false,"footnotes":""},"class_list":["post-18524","page","type-page","status-publish","hentry"],"acf":[],"yoast_head":"<!-- This site is optimized with the Yoast SEO plugin v27.2 - https:\/\/yoast.com\/product\/yoast-seo-wordpress\/ -->\n<title>Stage 1 - Tour de Pologne<\/title>\n<meta name=\"robots\" content=\"index, follow, max-snippet:-1, max-image-preview:large, max-video-preview:-1\" \/>\n<link rel=\"canonical\" href=\"https:\/\/www.tourdepologne.pl\/en\/stage-1\/\" \/>\n<meta property=\"og:locale\" content=\"en_US\" \/>\n<meta property=\"og:type\" content=\"article\" \/>\n<meta property=\"og:title\" content=\"Stage 1 - Tour de Pologne\" \/>\n<meta property=\"og:description\" content=\"[vc_row][vc_column][vc_column_text css=&#8221;&#8221; el_class=&#8221;tytul-etap&#8221;] 04.08.2025 Stage 1 &#8211; Wroc\u0142aw &#8211; Legnica [\/vc_column_text][\/vc_column][\/vc_row][vc_row][vc_column width=&#8221;1\/6&#8243;][vc_wp_custommenu nav_menu=&#8221;590&#8243;][\/vc_column][vc_column width=&#8221;5\/6&#8243; css=&#8221;.vc_custom_1562267834833{padding-top: 0px !important;padding-right: 0px !important;padding-bottom: 0px &hellip;\" \/>\n<meta property=\"og:url\" content=\"https:\/\/www.tourdepologne.pl\/en\/stage-1\/\" \/>\n<meta property=\"og:site_name\" content=\"Tour de Pologne\" \/>\n<meta property=\"article:publisher\" content=\"https:\/\/www.facebook.com\/tourdepologne\" \/>\n<meta property=\"article:modified_time\" content=\"2025-07-25T16:14:14+00:00\" \/>\n<meta name=\"twitter:card\" content=\"summary_large_image\" \/>\n<meta name=\"twitter:site\" content=\"@tour_de_pologne\" \/>\n<meta name=\"twitter:label1\" content=\"Est. reading time\" \/>\n\t<meta name=\"twitter:data1\" content=\"2 minutes\" \/>\n<script type=\"application\/ld+json\" class=\"yoast-schema-graph\">{\"@context\":\"https:\/\/schema.org\",\"@graph\":[{\"@type\":\"WebPage\",\"@id\":\"https:\/\/www.tourdepologne.pl\/en\/stage-1\/\",\"url\":\"https:\/\/www.tourdepologne.pl\/en\/stage-1\/\",\"name\":\"Stage 1 - Tour de Pologne\",\"isPartOf\":{\"@id\":\"https:\/\/www.tourdepologne.pl\/#website\"},\"datePublished\":\"2019-07-11T09:43:53+00:00\",\"dateModified\":\"2025-07-25T16:14:14+00:00\",\"breadcrumb\":{\"@id\":\"https:\/\/www.tourdepologne.pl\/en\/stage-1\/#breadcrumb\"},\"inLanguage\":\"en-US\",\"potentialAction\":[{\"@type\":\"ReadAction\",\"target\":[\"https:\/\/www.tourdepologne.pl\/en\/stage-1\/\"]}]},{\"@type\":\"BreadcrumbList\",\"@id\":\"https:\/\/www.tourdepologne.pl\/en\/stage-1\/#breadcrumb\",\"itemListElement\":[{\"@type\":\"ListItem\",\"position\":1,\"name\":\"Strona g\u0142\u00f3wna\",\"item\":\"https:\/\/www.tourdepologne.pl\/en\/\"},{\"@type\":\"ListItem\",\"position\":2,\"name\":\"Stage 1\"}]},{\"@type\":\"WebSite\",\"@id\":\"https:\/\/www.tourdepologne.pl\/#website\",\"url\":\"https:\/\/www.tourdepologne.pl\/\",\"name\":\"Tour de Pologne\",\"description\":\"\",\"publisher\":{\"@id\":\"https:\/\/www.tourdepologne.pl\/#organization\"},\"potentialAction\":[{\"@type\":\"SearchAction\",\"target\":{\"@type\":\"EntryPoint\",\"urlTemplate\":\"https:\/\/www.tourdepologne.pl\/?s={search_term_string}\"},\"query-input\":{\"@type\":\"PropertyValueSpecification\",\"valueRequired\":true,\"valueName\":\"search_term_string\"}}],\"inLanguage\":\"en-US\"},{\"@type\":\"Organization\",\"@id\":\"https:\/\/www.tourdepologne.pl\/#organization\",\"name\":\"Wy\u015bcig kolarski Tour de Pologne\",\"url\":\"https:\/\/www.tourdepologne.pl\/\",\"logo\":{\"@type\":\"ImageObject\",\"inLanguage\":\"en-US\",\"@id\":\"https:\/\/www.tourdepologne.pl\/#\/schema\/logo\/image\/\",\"url\":\"https:\/\/www.tourdepologne.pl\/wp-content\/uploads\/2019\/06\/logo-tdp.png\",\"contentUrl\":\"https:\/\/www.tourdepologne.pl\/wp-content\/uploads\/2019\/06\/logo-tdp.png\",\"width\":450,\"height\":52,\"caption\":\"Wy\u015bcig kolarski Tour de Pologne\"},\"image\":{\"@id\":\"https:\/\/www.tourdepologne.pl\/#\/schema\/logo\/image\/\"},\"sameAs\":[\"https:\/\/www.facebook.com\/tourdepologne\",\"https:\/\/x.com\/tour_de_pologne\",\"https:\/\/www.instagram.com\/tourdepologne\/\",\"https:\/\/www.youtube.com\/@TourdePologne2011\"]}]}<\/script>\n<!-- \/ Yoast SEO plugin. -->","yoast_head_json":{"title":"Stage 1 - Tour de Pologne","robots":{"index":"index","follow":"follow","max-snippet":"max-snippet:-1","max-image-preview":"max-image-preview:large","max-video-preview":"max-video-preview:-1"},"canonical":"https:\/\/www.tourdepologne.pl\/en\/stage-1\/","og_locale":"en_US","og_type":"article","og_title":"Stage 1 - Tour de Pologne","og_description":"[vc_row][vc_column][vc_column_text css=&#8221;&#8221; el_class=&#8221;tytul-etap&#8221;] 04.08.2025 Stage 1 &#8211; Wroc\u0142aw &#8211; Legnica [\/vc_column_text][\/vc_column][\/vc_row][vc_row][vc_column width=&#8221;1\/6&#8243;][vc_wp_custommenu nav_menu=&#8221;590&#8243;][\/vc_column][vc_column width=&#8221;5\/6&#8243; css=&#8221;.vc_custom_1562267834833{padding-top: 0px !important;padding-right: 0px !important;padding-bottom: 0px &hellip;","og_url":"https:\/\/www.tourdepologne.pl\/en\/stage-1\/","og_site_name":"Tour de Pologne","article_publisher":"https:\/\/www.facebook.com\/tourdepologne","article_modified_time":"2025-07-25T16:14:14+00:00","twitter_card":"summary_large_image","twitter_site":"@tour_de_pologne","twitter_misc":{"Est. reading time":"2 minutes"},"schema":{"@context":"https:\/\/schema.org","@graph":[{"@type":"WebPage","@id":"https:\/\/www.tourdepologne.pl\/en\/stage-1\/","url":"https:\/\/www.tourdepologne.pl\/en\/stage-1\/","name":"Stage 1 - Tour de Pologne","isPartOf":{"@id":"https:\/\/www.tourdepologne.pl\/#website"},"datePublished":"2019-07-11T09:43:53+00:00","dateModified":"2025-07-25T16:14:14+00:00","breadcrumb":{"@id":"https:\/\/www.tourdepologne.pl\/en\/stage-1\/#breadcrumb"},"inLanguage":"en-US","potentialAction":[{"@type":"ReadAction","target":["https:\/\/www.tourdepologne.pl\/en\/stage-1\/"]}]},{"@type":"BreadcrumbList","@id":"https:\/\/www.tourdepologne.pl\/en\/stage-1\/#breadcrumb","itemListElement":[{"@type":"ListItem","position":1,"name":"Strona g\u0142\u00f3wna","item":"https:\/\/www.tourdepologne.pl\/en\/"},{"@type":"ListItem","position":2,"name":"Stage 1"}]},{"@type":"WebSite","@id":"https:\/\/www.tourdepologne.pl\/#website","url":"https:\/\/www.tourdepologne.pl\/","name":"Tour de Pologne","description":"","publisher":{"@id":"https:\/\/www.tourdepologne.pl\/#organization"},"potentialAction":[{"@type":"SearchAction","target":{"@type":"EntryPoint","urlTemplate":"https:\/\/www.tourdepologne.pl\/?s={search_term_string}"},"query-input":{"@type":"PropertyValueSpecification","valueRequired":true,"valueName":"search_term_string"}}],"inLanguage":"en-US"},{"@type":"Organization","@id":"https:\/\/www.tourdepologne.pl\/#organization","name":"Wy\u015bcig kolarski Tour de Pologne","url":"https:\/\/www.tourdepologne.pl\/","logo":{"@type":"ImageObject","inLanguage":"en-US","@id":"https:\/\/www.tourdepologne.pl\/#\/schema\/logo\/image\/","url":"https:\/\/www.tourdepologne.pl\/wp-content\/uploads\/2019\/06\/logo-tdp.png","contentUrl":"https:\/\/www.tourdepologne.pl\/wp-content\/uploads\/2019\/06\/logo-tdp.png","width":450,"height":52,"caption":"Wy\u015bcig kolarski Tour de Pologne"},"image":{"@id":"https:\/\/www.tourdepologne.pl\/#\/schema\/logo\/image\/"},"sameAs":["https:\/\/www.facebook.com\/tourdepologne","https:\/\/x.com\/tour_de_pologne","https:\/\/www.instagram.com\/tourdepologne\/","https:\/\/www.youtube.com\/@TourdePologne2011"]}]}},"_links":{"self":[{"href":"https:\/\/www.tourdepologne.pl\/en\/wp-json\/wp\/v2\/pages\/18524","targetHints":{"allow":["GET"]}}],"collection":[{"href":"https:\/\/www.tourdepologne.pl\/en\/wp-json\/wp\/v2\/pages"}],"about":[{"href":"https:\/\/www.tourdepologne.pl\/en\/wp-json\/wp\/v2\/types\/page"}],"author":[{"embeddable":true,"href":"https:\/\/www.tourdepologne.pl\/en\/wp-json\/wp\/v2\/users\/1"}],"replies":[{"embeddable":true,"href":"https:\/\/www.tourdepologne.pl\/en\/wp-json\/wp\/v2\/comments?post=18524"}],"version-history":[{"count":59,"href":"https:\/\/www.tourdepologne.pl\/en\/wp-json\/wp\/v2\/pages\/18524\/revisions"}],"predecessor-version":[{"id":38984,"href":"https:\/\/www.tourdepologne.pl\/en\/wp-json\/wp\/v2\/pages\/18524\/revisions\/38984"}],"wp:attachment":[{"href":"https:\/\/www.tourdepologne.pl\/en\/wp-json\/wp\/v2\/media?parent=18524"}],"curies":[{"name":"wp","href":"https:\/\/api.w.org\/{rel}","templated":true}]}}